{"id":1680,"date":"2014-10-08T15:35:14","date_gmt":"2014-10-08T14:35:14","guid":{"rendered":"http:\/\/indutech.com\/\/german\/?page_id=1680"},"modified":"2020-02-04T11:22:36","modified_gmt":"2020-02-04T10:22:36","slug":"oxea-online-xrf-analyzer-serie","status":"publish","type":"page","link":"https:\/\/indutech.com\/german\/oxea-online-xrf-analyzer-serie\/","title":{"rendered":"OXEA<span class=\"copy\">\u00ae<\/span> Online XRF Analyzer Serie"},"content":{"rendered":"<div class=\"row\">\n\t<div class=\"wpb_content_element span8 wpb_text_column\">\n\t\t<div class=\"wpb_wrapper clearfix\">\n\t\t\t\n<h1>OXEA<span class=\"copy\">\u00ae<\/span>\u00a0Online<\/h1>\n<p>Online X-ray Elemental Analyzers (patentiert)<\/p>\n<p>&nbsp;<\/p>\n<p>Die OXEA<span class=\"copy\">\u00ae<\/span>\u00a0Produktlinie ermittelt auf der Basis der R\u00f6ntgenfluoreszenz die Elementar-Zusammensetzung des Me\u00dfgutes. Indutech hat die im Laborbereich vielf\u00e4ltig eingesetzte Technik der R\u00f6ntgenfluoreszenz f\u00fcr die Online-Proze\u00dfmesstechnik weiterentwickelt. Es k\u00f6nnen alle Elemente mit einer Ordnungszahl\u00a0 &gt; 10 bis in den ppm-Bereich nachgewiesen werden.<\/p>\n<p>Das OXEA<span class=\"copy\">\u00ae<\/span> ist f\u00fcr alle Materialien geeignet und kann am Hauptband sowie an jedem Bypass eingesetzt werden. Die Sensor Box ist in jeder Anwendung einfach zu installieren.<\/p>\n<p>OXEA<span class=\"copy\">\u00ae<\/span>\u00a0wurde zun\u00e4chst vornehmlich im Bereich von Kohlekraftwerken zur Bestimmung des Schwefel- und Aschegehaltes der Kohlemischung eingesetzt und erm\u00f6glicht die h\u00f6chst erreichbare Genauigkeit als Online Analyzer. Inzwischen hat OXEA<span class=\"copy\">\u00ae<\/span>\u00a0auch in anderen Industriezweigen ein umfangreiches Einsatzgebiet gefunden. OXEA<span class=\"copy\">\u00ae<\/span>\u00a0ist durch mehrere weltweite Patente gesch\u00fctzt.<\/p>\n<p>Dieses Ger\u00e4t ist auch in der Ex-Schutz-Ausf\u00fchrung f\u00fcr Zone 21 oder 22 lieferbar.<\/p>\n<p>&nbsp;<\/p>\n<p><b>Service<br \/>\n<\/b>Das Ger\u00e4t kann \u00fcber Fernservice per Modem gewartet werden. Dies erspart Zeit und Kosten.<\/p>\n<p>&nbsp;<\/p>\n<p><b>Anwendungsbereiche:<br \/>\n<\/b>Chemieindustrie, Eisenerzindustrie (Erzminen und Erzaufbereitungsanlagen), Holzindustrie, Kaliindustrie, Kohleindustrie (Kohle, Steinkohle, Kokerei, Kohlekraftwerke), Lebensmittelindustrie, Papierindustrie, Pharmaindustrie, Recyclingindustrie, Stahlindustrie, Zementindustrie, weitere Anwendungsbereiche auf Anfrage<\/p>\n\n\t\t<\/div> \n\t<\/div>  \n\t<div class=\"wpb_accordion wpb_content_element span4 not-column-inherit\" data-active=\"\">\n\t\t\t<h3 class=\"wpb_heading wpb_accordion_heading\"><span>Ger\u00e4te Typen<\/span><\/h3>\n\t\t<div class=\"wpb_wrapper wpb_accordion_wrapper \">\n\t\t\t \n\t\t\t<div class=\"wpb_accordion_section group\">\n\t\t\t\t<h3><a href=\"#\">OXEA\u00ae 500-1<\/a><\/h3>\n\t\t\t\t<div class=\"row-fluid\">\n\t\t\t\t <div class=\"row\">\n\t<div class=\"wpb_content_element span12 wpb_text_column\">\n\t\t<div class=\"wpb_wrapper clearfix\">\n\t\t\t\n<p><b>Measuring Principle:<br \/>\n<\/b>XRF\/backscatter over the belt ash analyzer<\/p>\n<p><b>Measured Parameters:<\/b><br \/>\nAsh content<\/p>\n<p><b>Advantages:<\/b><br \/>\nContactless \u2013 Compensation of elemental ash composition<\/p>\n<p><b>Limitation:<\/b><br \/>\nParticle &lt; 75-100 mm (3\u201c \u2013 4\u201c) \u2013 Distance to surface 70 \u2013 230 mm<\/p>\n\n\t\t<\/div> \n\t<\/div> <\/div>\n \n\t\t\t\t<\/div>\n\t\t\t<\/div> \n \n\t\t\t<div class=\"wpb_accordion_section group\">\n\t\t\t\t<h3><a href=\"#\">OXEA\u00ae 500-3 <\/a><\/h3>\n\t\t\t\t<div class=\"row-fluid\">\n\t\t\t\t <div class=\"row\">\n\t<div class=\"wpb_content_element span12 wpb_text_column\">\n\t\t<div class=\"wpb_wrapper clearfix\">\n\t\t\t\n<p><b>Measuring Principle:<br \/>\n<\/b>XRF\/backscatter over the belt ash analyzer<\/p>\n<p><b>Measured Parameters:<br \/>\n<\/b>Ash content \u2013 Elemental composition of ash for elements with Z&gt;19 (Potassium)<\/p>\n<p><b>Advantages:<br \/>\n<\/b>Contactless \u2013 Compensation of elemental ash composition<\/p>\n<p><b>Limitation:<br \/>\n<\/b>Particle &lt; 75-100 mm (3\u201c \u2013 4\u201c) \u2013 Distance to surface 70 \u2013 230 mm<\/p>\n\n\t\t<\/div> \n\t<\/div> <\/div>\n \n\t\t\t\t<\/div>\n\t\t\t<\/div> \n \n\t\t\t<div class=\"wpb_accordion_section group\">\n\t\t\t\t<h3><a href=\"#\">OXEA\u00ae 600-1 \/ GTA 3000-1<\/a><\/h3>\n\t\t\t\t<div class=\"row-fluid\">\n\t\t\t\t <div class=\"row\">\n\t<div class=\"wpb_content_element span12 wpb_text_column\">\n\t\t<div class=\"wpb_wrapper clearfix\">\n\t\t\t\n<p><b>Measuring Principle:<br \/>\n<\/b>Dual Energy Gamma Transmition + OXEA<sup>\u00ae<\/sup>\u00a0500<\/p>\n<p><b>Measured Parameters:<br \/>\n<\/b>Ash content<\/p>\n<p><b>Advantages:<br \/>\n<\/b>Contactless \u2013 Compensation of elemental ash composition \u2013 Improved accuracy compared to OXEA<sup>\u00ae<\/sup>\u00a0500-1<\/p>\n<p><b>Limitation:<br \/>\n<\/b>Particle &lt; 75-100 mm (3\u201c \u2013 4\u201c) \u2013 Distance to surface 70 \u2013 230 mm<\/p>\n\n\t\t<\/div> \n\t<\/div> <\/div>\n \n\t\t\t\t<\/div>\n\t\t\t<\/div> \n \n\t\t\t<div class=\"wpb_accordion_section group\">\n\t\t\t\t<h3><a href=\"#\">OXEA\u00ae 600-3 \/ GTA 3000-3<\/a><\/h3>\n\t\t\t\t<div class=\"row-fluid\">\n\t\t\t\t <div class=\"row\">\n\t<div class=\"wpb_content_element span12 wpb_text_column\">\n\t\t<div class=\"wpb_wrapper clearfix\">\n\t\t\t\n<p><b>Measuring Principle:<br \/>\n<\/b>Dual Energy Gamma Transmition + OXEA<sup>\u00ae<\/sup>\u00a0500<\/p>\n<p><b>Measured Parameters:<br \/>\n<\/b>Ash content \u2013 Elemental composition of ash for elements with Z&gt;19 (Potassium)<\/p>\n<p><b>Advantages:<br \/>\n<\/b>Contactless \u2013 Compensation of elemental ash composition \u2013 Improved\u00a0Accuracy compared to OXEA<sup>\u00ae<\/sup>\u00a0500-3<\/p>\n<p><b>Limitation:<br \/>\n<\/b>Particle &lt; 75-100 mm (3\u201c \u2013 4\u201c) \u2013 Distance to surface 70 \u2013 230 mm<\/p>\n\n\t\t<\/div> \n\t<\/div> <\/div>\n \n\t\t\t\t<\/div>\n\t\t\t<\/div> \n \n\t\t\t<div class=\"wpb_accordion_section group\">\n\t\t\t\t<h3><a href=\"#\">OXEA\u00ae 1000<\/a><\/h3>\n\t\t\t\t<div class=\"row-fluid\">\n\t\t\t\t <div class=\"row\">\n\t<div class=\"wpb_content_element span12 wpb_text_column\">\n\t\t<div class=\"wpb_wrapper clearfix\">\n\t\t\t\n<p><b>Measuring Principle:<br \/>\n<\/b>XRF\/backscatter<\/p>\n<p><b>Measured Parameters:<br \/>\n<\/b>Ash content \u2013 Elements with Z&gt;10<\/p>\n<p><b>Advantages:<br \/>\n<\/b>Compensation of elemental ash composition \u2013 Best accuracy<\/p>\n<p><b>Limitation:<br \/>\n<\/b>Particle size max. &lt; 50 mm, avg.&lt; 25 mm \u2013 Distance to surface ~20 mm \u2013 Sled or Bypass belt application<\/p>\n\n\t\t<\/div> \n\t<\/div> <\/div>\n \n\t\t\t\t<\/div>\n\t\t\t<\/div> \n \n\t\t\t<div class=\"wpb_accordion_section group\">\n\t\t\t\t<h3><a href=\"#\">OXEA\u00ae 2000<\/a><\/h3>\n\t\t\t\t<div class=\"row-fluid\">\n\t\t\t\t <div class=\"row\">\n\t<div class=\"wpb_content_element span12 wpb_text_column\">\n\t\t<div class=\"wpb_wrapper clearfix\">\n\t\t\t\n<p><b>Measuring Principle:<br \/>\n<\/b>XRF\/backscatter<\/p>\n<p><b>Measured Parameters:<\/b><br \/>\nAsh \u2013 Sulphur \u2013 Elements with Z&gt;10<\/p>\n<p><b>Advantages:<\/b><br \/>\nCompensation of elemental ash composition \u2013 Best accuracy<\/p>\n<p><b>Limitation:<\/b><br \/>\nParticle size max. &lt; 50 mm, avg.&lt; 25 mm \u2013 Distance to surface ~20 mm \u2013 Sled or Bypass belt application<\/p>\n\n\t\t<\/div> \n\t<\/div> <\/div>\n \n\t\t\t\t<\/div>\n\t\t\t<\/div> \n \n\t\t\t<div class=\"wpb_accordion_section group\">\n\t\t\t\t<h3><a href=\"#\">OXEA\u00ae 3000<\/a><\/h3>\n\t\t\t\t<div class=\"row-fluid\">\n\t\t\t\t <div class=\"row\">\n\t<div class=\"wpb_content_element span12 wpb_text_column\">\n\t\t<div class=\"wpb_wrapper clearfix\">\n\t\t\t\n<p><b>Measuring Principle:<br \/>\n<\/b>XRF\/backscatter<\/p>\n<p><b>Measured Parameters:<br \/>\n<\/b>Ash \u2013 Sulphur \u2013 Volatiles \u2013 Ash fusion \u2013 Type recognition \u2013 Elements with Z&gt;10<\/p>\n<p><b>Advantages:<br \/>\n<\/b>Compensation of elemental ash composition \u2013 Best accuracy<\/p>\n<p><b>Limitation:<br \/>\n<\/b>Particle size max. &lt; 50 mm, avg.&lt; 25 mm \u2013 Distance to surface ~20 mm \u2013 Sled or Bypass belt application<\/p>\n\n\t\t<\/div> \n\t<\/div> <\/div>\n \n\t\t\t\t<\/div>\n\t\t\t<\/div> \n \n\t\t<\/div> \n\t<\/div> <\/div>\n <div class=\"blank_spacer span12 \" style=\"height:60px;\"><\/div>\n <div class=\"row\">\n\t<div class=\"wpb_content_element span12 wpb_text_column\">\n\t\t<div class=\"wpb_wrapper clearfix\">\n\t\t\t\n<p><a name=\"EU-project-OXEA\"><\/a><\/p>\n<h2>EU Research Project \u201cDRAGON\u201d (FP7) &#8211; 30 8389 in 2012<\/h2>\n<p>Im Rahmen des EU &#8211; Forschungsprojektes \u201cDRAGON\u201d (FP7) \u2013 30 8389 in 2012 wurde auch der Onine X-ray Elemental Analyzer <strong>OXEA<span class=\"copy\">\u00ae<\/span><\/strong> insbesondere bez\u00fcglich Nachweisgrenze und Genauigkeit niedrigerer Elemente bis hin zu Na erweitert. Somit wird die Ressourceneffizienz erh\u00f6ht und weniger Material zur Deponie gefahren, um die Umweltauswirkungen zu reduzieren, was von gro\u00dfem \u00f6konomischen und \u00f6kologischen Interesse ist.<br \/>\nDie nicht-nukleare, multi-patentierte Technologie des InduTech <strong>OXEA<span class=\"copy\">\u00ae<\/span><\/strong> ist eine Voraussetzung zur Installation auf einer TBM.<\/p>\n\n\t\t<\/div> \n\t<\/div> <\/div>\n <div class=\"blank_spacer span12 \" style=\"height:60px;\"><\/div>\n <div class=\"row\">\n\t<div class=\"wpb_content_element span12 wpb_box_text whitestroke\">\n\t\t<div class=\"wpb_wrapper\">\n\t\t\t<div class=\"box-content-wrap\">\n<p><img loading=\"lazy\" class=\"aligncenter wp-image-1854 size-full\" src=\"https:\/\/indutech.com\/german\/wp-content\/uploads\/sites\/2\/2018\/10\/oxea-spektrum-messung.jpg\" alt=\"OXEA\u00ae Online XRF Spektrum Messung | InduTech instruments GmbH\" width=\"1168\" height=\"462\" srcset=\"https:\/\/indutech.com\/wp-content\/uploads\/sites\/2\/2018\/10\/oxea-spektrum-messung.jpg 1168w, https:\/\/indutech.com\/wp-content\/uploads\/sites\/2\/2018\/10\/oxea-spektrum-messung-300x119.jpg 300w, https:\/\/indutech.com\/wp-content\/uploads\/sites\/2\/2018\/10\/oxea-spektrum-messung-768x304.jpg 768w, https:\/\/indutech.com\/wp-content\/uploads\/sites\/2\/2018\/10\/oxea-spektrum-messung-1024x405.jpg 1024w\" sizes=\"(max-width: 1168px) 100vw, 1168px\" \/><br \/>\n<span lang=\"EN-US\">Erzielte OXEA<span class=\"copy\">\u00ae<\/span> Spektrum Qualit\u00e4t 2012<\/span><\/p>\n<\/div>\n\t\t<\/div> \n\t<\/div> <\/div>\n <div class=\"blank_spacer span12 \" style=\"height:60px;\"><\/div>\n <div class=\"row\">\n\t<div class=\"wpb_content_element span12 wpb_box_text whitestroke\">\n\t\t<div class=\"wpb_wrapper\">\n\t\t\t<div class=\"box-content-wrap\">\n<p><img loading=\"lazy\" class=\"aligncenter wp-image-1855 size-full\" src=\"https:\/\/indutech.com\/german\/wp-content\/uploads\/sites\/2\/2018\/10\/oxea-spektrum-messung-natrium.jpg\" alt=\"OXEA\u00ae Online XRF Spektrum Messung Natrium | InduTech instruments GmbH\" width=\"1168\" height=\"676\" srcset=\"https:\/\/indutech.com\/wp-content\/uploads\/sites\/2\/2018\/10\/oxea-spektrum-messung-natrium.jpg 1168w, https:\/\/indutech.com\/wp-content\/uploads\/sites\/2\/2018\/10\/oxea-spektrum-messung-natrium-300x174.jpg 300w, https:\/\/indutech.com\/wp-content\/uploads\/sites\/2\/2018\/10\/oxea-spektrum-messung-natrium-768x444.jpg 768w, https:\/\/indutech.com\/wp-content\/uploads\/sites\/2\/2018\/10\/oxea-spektrum-messung-natrium-1024x593.jpg 1024w\" sizes=\"(max-width: 1168px) 100vw, 1168px\" \/><br \/>\n<span lang=\"EN-US\">Natrium Peak in der linken Ecke des OXEA<span class=\"copy\">\u00ae<\/span> Spektrum 2012<\/span><\/p>\n<\/div>\n\t\t<\/div> \n\t<\/div> <\/div>\n <div class=\"blank_spacer span12 \" style=\"height:60px;\"><\/div>\n <div class=\"row\">\n\t<div class=\"wpb_content_element span12 wpb_box_text whitestroke\">\n\t\t<div class=\"wpb_wrapper\">\n\t\t\t<div class=\"box-content-wrap\">\n<p><img loading=\"lazy\" class=\"aligncenter wp-image-2043 size-large\" src=\"https:\/\/indutech.com\/german\/wp-content\/uploads\/sites\/2\/2019\/10\/periodensystem-oxea-indutech-1024x780.jpg\" alt=\"Periodensystem OXEA\u00ae - Alle Elemente im farbigen Feld k\u00f6nnen mit dem OXEA\u00ae Elementaranalysator gemessen werden | Indutech instruments GmbH\" width=\"1024\" height=\"780\" srcset=\"https:\/\/indutech.com\/wp-content\/uploads\/sites\/2\/2019\/10\/periodensystem-oxea-indutech-1024x780.jpg 1024w, https:\/\/indutech.com\/wp-content\/uploads\/sites\/2\/2019\/10\/periodensystem-oxea-indutech-300x229.jpg 300w, https:\/\/indutech.com\/wp-content\/uploads\/sites\/2\/2019\/10\/periodensystem-oxea-indutech-768x585.jpg 768w, https:\/\/indutech.com\/wp-content\/uploads\/sites\/2\/2019\/10\/periodensystem-oxea-indutech-1280x975.jpg 1280w, https:\/\/indutech.com\/wp-content\/uploads\/sites\/2\/2019\/10\/periodensystem-oxea-indutech.jpg 1940w\" sizes=\"(max-width: 1024px) 100vw, 1024px\" \/><\/p>\n<\/div>\n\t\t<\/div> \n\t<\/div> <\/div>\n <div class=\"blank_spacer span12 \" style=\"height:60px;\"><\/div>\n <div class=\"row\">\n\t<div class=\"wpb_content_element span6 wpb_text_column\">\n\t\t<div class=\"wpb_wrapper clearfix\">\n\t\t\t\n<div id=\"videos\">\n\t<div class=\"wpb_video_widget wpb_content_element span12\">\n\t\t<div class=\"wpb_wrapper\">\n\t\t\t<h3 class=\"wpb_heading wpb_video_heading\">Video OXEA Mainbelt sled application - YouTube<\/h3><iframe width=\"500\" height=\"281\" src=\"http:\/\/www.youtube.com\/embed\/S4U7NsWqC_0?feature=oembed\" frameborder=\"0\" allowfullscreen><\/iframe>\n\t\t<\/div> \n\t<\/div> <\/div>\n\n\t\t<\/div> \n\t<\/div>  \n\t<div class=\"wpb_content_element span6 wpb_text_column\">\n\t\t<div class=\"wpb_wrapper clearfix\">\n\t\t\t\n\n\t<div class=\"wpb_video_widget wpb_content_element span12\">\n\t\t<div class=\"wpb_wrapper\">\n\t\t\t<h3 class=\"wpb_heading wpb_video_heading\">Video OXEA Bypass application - YouTube<\/h3><iframe width=\"500\" height=\"281\" src=\"http:\/\/www.youtube.com\/embed\/i_7umTkhpYI?feature=oembed\" frameborder=\"0\" allowfullscreen><\/iframe>\n\t\t<\/div> \n\t<\/div> \n\n\t\t<\/div> \n\t<\/div> <\/div>\n <div class=\"blank_spacer span12 \" style=\"height:30px;\"><\/div>\n <div class=\"row\">\n\t<div class=\"wpb_content_element span6 wpb_text_column\">\n\t\t<div class=\"wpb_wrapper clearfix\">\n\t\t\t\n\n\t<div class=\"wpb_video_widget wpb_content_element span12\">\n\t\t<div class=\"wpb_wrapper\">\n\t\t\t<h3 class=\"wpb_heading wpb_video_heading\">Video OXEA Pneumatic Lifting \u2013 onsite - YouTube<\/h3><iframe width=\"500\" height=\"281\" src=\"http:\/\/www.youtube.com\/embed\/mjrPMHid3lA?feature=oembed\" frameborder=\"0\" allowfullscreen><\/iframe>\n\t\t<\/div> \n\t<\/div> \n\n\t\t<\/div> \n\t<\/div> <\/div>\n <div class=\"blank_spacer span12 \" style=\"height:60px;\"><\/div>\n <div class=\"row\">\n\t<div class=\"wpb_content_element span12 wpb_text_column\">\n\t\t<div class=\"wpb_wrapper clearfix\">\n\t\t\t<div class=\"heading-wrap\"><h3 class=\"wpb_heading wpb_text_heading\">PDF Flyer Download<\/h3><\/div>\n\t\t\t\n<table class=\"sf-table striped_minimal\"><tbody>\n<tr><th>OXEA<span class=\"copy\">\u00ae<\/span> Online<\/p>\n<p>X-ray Elemental Analyzer<\/th><\/tr>\n<tr><td>\n<a class=\"download-link\" title=\"\" href=\"https:\/\/indutech.com\/german\/download\/oxea-online-x-ray-elemental-analyzer\/\" rel=\"nofollow\">\n\tOXEA<span class=\"copy\">\u00ae<\/span> Online X-ray Elemental Analyzer<\/a>\n<\/td><\/tr>\n<tr><td>\n<a class=\"download-link\" title=\"\" href=\"https:\/\/indutech.com\/german\/download\/oxea-coal-ash-analyzer\/\" rel=\"nofollow\">\n\tOXEA<span class=\"copy\">\u00ae<\/span> Coal Ash Analyzer<\/a>\n<\/td><\/tr>\n<tr><td>\n<a class=\"download-link\" title=\"\" href=\"https:\/\/indutech.com\/german\/download\/coal-monitoring-analyzers-overview\/\" rel=\"nofollow\">\n\tCoal Monitoring Analyzers Overview<\/a>\n<\/td><\/tr>\n<tr><td>\n<a class=\"download-link\" title=\"\" href=\"https:\/\/indutech.com\/german\/download\/messgeraete-fuer-kohle-und-mineralische-rohstoffe\/\" rel=\"nofollow\">\n\tMessger\u00e4te f\u00fcr Kohle und Mineralische Rohstoffe<\/a>\n<\/td><\/tr>\n<tr><td>\n<a class=\"download-link\" title=\"\" href=\"https:\/\/indutech.com\/german\/download\/oxea-volatiles-measurement\/\" rel=\"nofollow\">\n\tOXEA<span class=\"copy\">\u00ae<\/span> Volatiles Measurement<\/a>\n<\/td><\/tr>\n<tr><td>\n<a class=\"download-link\" title=\"\" href=\"https:\/\/indutech.com\/german\/download\/oxea-cement-application-note\/\" rel=\"nofollow\">\n\tOXEA<span class=\"copy\">\u00ae<\/span> \u2013 Cement Application Note<\/a>\n<\/td><\/tr>\n<\/tbody><\/table>\n<table class=\"sf-table striped_minimal\"><tbody><\/tbody><\/table>\n\n\t\t<\/div> \n\t<\/div> <\/div>\n\n","protected":false},"excerpt":{"rendered":"","protected":false},"author":1,"featured_media":0,"parent":0,"menu_order":0,"comment_status":"open","ping_status":"open","template":"","meta":[],"yoast_head":"<!-- This site is optimized with the Yoast SEO plugin v15.2 - https:\/\/yoast.com\/wordpress\/plugins\/seo\/ -->\n<title>OXEA\u00ae Online XRF Analyzer Serie - Indutech deutsch<\/title>\n<meta name=\"description\" content=\"OXEA\u00ae Online XRF \/ X-ray Analyzer zur Elementaranalyse in der industriellen Messtechnik zur Prozess Kontrolle, Echtzeitmessung\" \/>\n<meta name=\"robots\" content=\"index, follow, max-snippet:-1, max-image-preview:large, max-video-preview:-1\" \/>\n<link rel=\"canonical\" href=\"https:\/\/indutech.com\/german\/oxea-online-xrf-analyzer-serie\/\" \/>\n<meta property=\"og:locale\" content=\"de_DE\" \/>\n<meta property=\"og:type\" content=\"article\" \/>\n<meta property=\"og:title\" content=\"OXEA\u00ae Online XRF Analyzer Serie - Indutech deutsch\" \/>\n<meta property=\"og:description\" content=\"OXEA\u00ae Online XRF \/ X-ray Analyzer zur Elementaranalyse in der industriellen Messtechnik zur Prozess Kontrolle, Echtzeitmessung\" \/>\n<meta property=\"og:url\" content=\"https:\/\/indutech.com\/german\/oxea-online-xrf-analyzer-serie\/\" \/>\n<meta property=\"og:site_name\" content=\"Indutech deutsch\" \/>\n<meta property=\"article:modified_time\" content=\"2020-02-04T10:22:36+00:00\" \/>\n<meta property=\"og:image\" content=\"https:\/\/indutech.com\/german\/wp-content\/uploads\/sites\/2\/2018\/10\/oxea-spektrum-messung.jpg\" \/>\n<meta name=\"twitter:label1\" value=\"Written by\">\n\t<meta name=\"twitter:data1\" value=\"indutech.com\">\n\t<meta name=\"twitter:label2\" value=\"Est. reading time\">\n\t<meta name=\"twitter:data2\" value=\"4\u00a0Minuten\">\n<script type=\"application\/ld+json\" class=\"yoast-schema-graph\">{\"@context\":\"https:\/\/schema.org\",\"@graph\":[{\"@type\":\"Organization\",\"@id\":\"https:\/\/indutech.com\/german\/#organization\",\"name\":\"InduTech instruments GmbH\",\"url\":\"https:\/\/indutech.com\/german\/\",\"sameAs\":[\"https:\/\/www.linkedin.com\/company\/indutech-gmbh\/\"],\"logo\":{\"@type\":\"ImageObject\",\"@id\":\"https:\/\/indutech.com\/german\/#logo\",\"inLanguage\":\"de\",\"url\":\"https:\/\/indutech.com\/wp-content\/uploads\/sites\/2\/2018\/10\/logo-indutech-instruments-gmbh.png\",\"width\":79,\"height\":79,\"caption\":\"InduTech instruments GmbH\"},\"image\":{\"@id\":\"https:\/\/indutech.com\/german\/#logo\"}},{\"@type\":\"WebSite\",\"@id\":\"https:\/\/indutech.com\/german\/#website\",\"url\":\"https:\/\/indutech.com\/german\/\",\"name\":\"Indutech deutsch\",\"description\":\"\",\"publisher\":{\"@id\":\"https:\/\/indutech.com\/german\/#organization\"},\"potentialAction\":[{\"@type\":\"SearchAction\",\"target\":\"https:\/\/indutech.com\/german\/?s={search_term_string}\",\"query-input\":\"required name=search_term_string\"}],\"inLanguage\":\"de\"},{\"@type\":\"ImageObject\",\"@id\":\"https:\/\/indutech.com\/german\/oxea-online-xrf-analyzer-serie\/#primaryimage\",\"inLanguage\":\"de\",\"url\":\"https:\/\/indutech.com\/wp-content\/uploads\/sites\/2\/2018\/10\/oxea-spektrum-messung.jpg\",\"width\":1168,\"height\":462,\"caption\":\"OXEA\\u00ae Online XRF Spektrum Messung | InduTech instruments GmbH\"},{\"@type\":\"WebPage\",\"@id\":\"https:\/\/indutech.com\/german\/oxea-online-xrf-analyzer-serie\/#webpage\",\"url\":\"https:\/\/indutech.com\/german\/oxea-online-xrf-analyzer-serie\/\",\"name\":\"OXEA\\u00ae Online XRF Analyzer Serie - Indutech deutsch\",\"isPartOf\":{\"@id\":\"https:\/\/indutech.com\/german\/#website\"},\"primaryImageOfPage\":{\"@id\":\"https:\/\/indutech.com\/german\/oxea-online-xrf-analyzer-serie\/#primaryimage\"},\"datePublished\":\"2014-10-08T14:35:14+00:00\",\"dateModified\":\"2020-02-04T10:22:36+00:00\",\"description\":\"OXEA\\u00ae Online XRF \/ X-ray Analyzer zur Elementaranalyse in der industriellen Messtechnik zur Prozess Kontrolle, Echtzeitmessung\",\"inLanguage\":\"de\",\"potentialAction\":[{\"@type\":\"ReadAction\",\"target\":[\"https:\/\/indutech.com\/german\/oxea-online-xrf-analyzer-serie\/\"]}]}]}<\/script>\n<!-- \/ Yoast SEO plugin. -->","_links":{"self":[{"href":"https:\/\/indutech.com\/german\/wp-json\/wp\/v2\/pages\/1680"}],"collection":[{"href":"https:\/\/indutech.com\/german\/wp-json\/wp\/v2\/pages"}],"about":[{"href":"https:\/\/indutech.com\/german\/wp-json\/wp\/v2\/types\/page"}],"author":[{"embeddable":true,"href":"https:\/\/indutech.com\/german\/wp-json\/wp\/v2\/users\/1"}],"replies":[{"embeddable":true,"href":"https:\/\/indutech.com\/german\/wp-json\/wp\/v2\/comments?post=1680"}],"version-history":[{"count":0,"href":"https:\/\/indutech.com\/german\/wp-json\/wp\/v2\/pages\/1680\/revisions"}],"wp:attachment":[{"href":"https:\/\/indutech.com\/german\/wp-json\/wp\/v2\/media?parent=1680"}],"curies":[{"name":"wp","href":"https:\/\/api.w.org\/{rel}","templated":true}]}}